{"id":21455,"date":"2021-06-25T03:57:13","date_gmt":"2021-06-25T01:57:13","guid":{"rendered":"https:\/\/www.exoplatform.com\/blog\/?page_id=21455"},"modified":"2023-06-02T11:15:24","modified_gmt":"2023-06-02T09:15:24","slug":"accessibilite","status":"publish","type":"page","link":"https:\/\/www.exoplatform.com\/blog\/fr\/accessibilite\/","title":{"rendered":"Accessibilit\u00e9"},"content":{"rendered":"<p>eXo Platform s&#8217;engage, en tant que plateforme collaborative centr\u00e9e sur l&#8217;utilisateur, \u00e0 fournir une plateforme inclusive et accessible \u00e0 tous, quelles que soient leurs capacit\u00e9s, qu\u2019il soit ou non en situation de handicap.<\/p>\n<p>Nous avons engag\u00e9 des \u00e9quipes d\u00e9di\u00e9es pour mener des audits d&#8217;accessibilit\u00e9 et fournir des recommandations sur la mani\u00e8re d&#8217;am\u00e9liorer l&#8217;exp\u00e9rience utilisateur et afin de maintenir la conformit\u00e9 avec les derni\u00e8res normes et directives d&#8217;accessibilit\u00e9.<\/p>\n<ul>\n<h2>\n<li>Normes et directives<\/li>\n<\/h2>\n<\/ul>\n<p>Dans un premier temps, nous cherchons \u00e0 rendre eXo Platform conforme au RGAA (R\u00e9f\u00e9rentiel g\u00e9n\u00e9ral d&#8217;am\u00e9lioration de l&#8217;accessibilit\u00e9), un r\u00e9f\u00e9rentiel cr\u00e9\u00e9 pour mettre en \u0153uvre <a href=\"https:\/\/www.legifrance.gouv.fr\/affichTexteArticle.do?idArticle=LEGIARTI000037388867&amp;cidTexte=LEGITEXT000006051257\" class=\"broken_link\" target=\"_blank\" rel=\"noopener\">l\u2019article 47 de la loi handicap de 2005<\/a> et son <a href=\"https:\/\/www.legifrance.gouv.fr\/affichTexte.do?cidTexte=JORFTEXT000038811937\" class=\"broken_link\" target=\"_blank\" rel=\"noopener\">d\u00e9cret d\u2019application<\/a> actualis\u00e9 en 2019. Cette loi implique que les services publics num\u00e9riques et les services priv\u00e9s (dans certains cas) ont l&#8217;obligation d&#8217;\u00eatre accessibles \u00e0 tous les citoyens, quelles que soient leurs capacit\u00e9s.<\/p>\n<p>La quatri\u00e8me et actuelle version du RGAA (4.1) contient une liste de crit\u00e8res permettant d&#8217;\u00e9valuer la conformit\u00e9 des pages Web. La conformit\u00e9 aux directives du RGAA garantit une meilleure accessibilit\u00e9, une plus grande facilit\u00e9 d&#8217;utilisation et une exp\u00e9rience utilisateur am\u00e9lior\u00e9e pour tous les utilisateurs finaux.<\/p>\n<ul>\n<h2>\n<li>Approche<\/li>\n<\/h2>\n<\/ul>\n<p>L&#8217;accent a d&#8217;abord \u00e9t\u00e9 mis sur l&#8217;\u00e9valuation de la navigation globale et de la conformit\u00e9 des pages de contenu et des applications au sein d&#8217;eXo Platform. L&#8217;objectif est de permettre \u00e0 tous les utilisateurs de localiser, d&#8217;acc\u00e9der et de consommer facilement diff\u00e9rents types d&#8217;informations dans le flux des activit\u00e9s ainsi que les espaces collaboratifs tels que les articles, les wikis, les messages de chat et les documents.<\/p>\n<p>Pour garantir un processus fluide et efficace, une \u00e9quipe a \u00e9t\u00e9 form\u00e9e et charg\u00e9e de piloter les programmes d&#8217;accessibilit\u00e9. Il s&#8217;agit d&#8217;une \u00e9quipe multidisciplinaire compos\u00e9e d&#8217;ing\u00e9nieurs software, d&#8217;analystes, de designers et de testeurs, qui est donc en mesure d&#8217;avoir une vue d&#8217;ensemble et de modifier les processus \u00e0 tous les stades : outils, conception, directives de d\u00e9veloppement, etc. cette \u00e9quipe travaille \u00e9galement \u00e0 aider les clients d&#8217;eXo dans leurs projets d&#8217;accessibilit\u00e9 et \u00e0 recueillir les retours des utilisateurs finaux.<\/p>\n<p>Bien que eXo Platform s&#8217;efforce en permanence de se conformer aux normes d&#8217;accessibilit\u00e9 existantes, l&#8217;obtention d&#8217;une conformit\u00e9 totale est un processus continu. Cela signifie qu&#8217;il y a encore du travail \u00e0 faire dans d&#8217;autres parties d&#8217;eXo Platform.<\/p>\n<ul>\n<h2>\n<li>Feuille de route<\/li>\n<\/h2>\n<\/ul>\n<p>\u00c0 l&#8217;avenir, l&#8217;objectif est d&#8217;\u00e9valuer p\u00e9riodiquement le score d&#8217;accessibilit\u00e9 des principales applications existantes d&#8217;eXo Platform et d&#8217;effectuer les ajustements n\u00e9cessaires pour obtenir des scores plus \u00e9lev\u00e9s.<\/p>\n<p>En termes de d\u00e9veloppement de produits, eXo Platform s&#8217;engage pleinement \u00e0 d\u00e9velopper une plateforme accessible dans les personas de conception. Pour y parvenir, les diff\u00e9rentes \u00e9quipes d&#8217;eXo Platform recevront une formation continue sur l&#8217;accessibilit\u00e9 afin de conna\u00eetre les derni\u00e8res tendances, exigences et meilleures pratiques.<\/p>\n<p>Il est \u00e9galement pr\u00e9vu d&#8217;inclure d&#8217;autres normes d&#8217;accessibilit\u00e9 ax\u00e9es sur la cr\u00e9ation et la r\u00e9daction selon les directives de la\u00a0 ATAG (Authoring Tool Accessibility Guidelines)<\/p>\n<ul>\n<h2>\n<li>Feedbacks<\/li>\n<\/h2>\n<\/ul>\n<p>Vos commentaires sont les bienvenus pour nous aider \u00e0 identifier les limitations d&#8217;accessibilit\u00e9 et \u00e0 travailler sur des am\u00e9liorations potentielles. Si vous rencontrez des probl\u00e8mes ou des inconv\u00e9nients, n&#8217;h\u00e9sitez pas \u00e0 nous contacter via <a href=\"https:\/\/www.exoplatform.com\/blog\/fr\/\">notre site web<\/a> ou notre communaut\u00e9 &#8220;<a href=\"https:\/\/community.exoplatform.com\/portal\/dw\/fr\/\" target=\"_blank\" rel=\"noopener\">eXo Tribe<\/a>&#8220;.<\/p>\n","protected":false},"excerpt":{"rendered":"eXo Platform s&#8217;engage, en tant que plateforme collaborative centr\u00e9e sur l&#8217;utilisateur, \u00e0 fournir une plateforme inclusive et accessible \u00e0 tous, quelles que soient leurs capacit\u00e9s, qu\u2019il soit ou non en situation de handicap. Nous avons engag\u00e9 des \u00e9quipes d\u00e9di\u00e9es pour mener des audits d&#8217;accessibilit\u00e9 et fournir des recommandations sur la mani\u00e8re d&#8217;am\u00e9liorer l&#8217;exp\u00e9rience utilisateur et [&hellip;]","protected":false},"author":7,"featured_media":0,"parent":0,"menu_order":0,"comment_status":"closed","ping_status":"closed","template":"","meta":[],"lang":"fr","translations":{"fr":21455,"en":21452},"pll_sync_post":[],"_links":{"self":[{"href":"https:\/\/www.exoplatform.com\/blog\/wp-json\/wp\/v2\/pages\/21455"}],"collection":[{"href":"https:\/\/www.exoplatform.com\/blog\/wp-json\/wp\/v2\/pages"}],"about":[{"href":"https:\/\/www.exoplatform.com\/blog\/wp-json\/wp\/v2\/types\/page"}],"author":[{"embeddable":true,"href":"https:\/\/www.exoplatform.com\/blog\/wp-json\/wp\/v2\/users\/7"}],"replies":[{"embeddable":true,"href":"https:\/\/www.exoplatform.com\/blog\/wp-json\/wp\/v2\/comments?post=21455"}],"version-history":[{"count":0,"href":"https:\/\/www.exoplatform.com\/blog\/wp-json\/wp\/v2\/pages\/21455\/revisions"}],"wp:attachment":[{"href":"https:\/\/www.exoplatform.com\/blog\/wp-json\/wp\/v2\/media?parent=21455"}],"curies":[{"name":"wp","href":"https:\/\/api.w.org\/{rel}","templated":true}]}}