{"id":52060,"date":"2023-11-10T09:26:12","date_gmt":"2023-11-10T08:26:12","guid":{"rendered":"https:\/\/www.exoplatform.com\/blog\/?page_id=52060"},"modified":"2023-11-14T13:06:52","modified_gmt":"2023-11-14T12:06:52","slug":"categories","status":"publish","type":"page","link":"https:\/\/www.exoplatform.com\/blog\/fr\/categories\/","title":{"rendered":"cat\u00e9gories"},"content":{"rendered":"\t\t<div data-elementor-type=\"wp-page\" data-elementor-id=\"52060\" class=\"elementor elementor-52060\">\r\n\t\t\t\t\t\t\t\t\t<section class=\"elementor-section elementor-top-section elementor-element elementor-element-72e7efe elementor-section-boxed elementor-section-height-default elementor-section-height-default\" data-id=\"72e7efe\" data-element_type=\"section\">\r\n\t\t\t\t\t\t<div class=\"elementor-container elementor-column-gap-default\">\r\n\t\t\t\t\t<div class=\"elementor-column elementor-col-100 elementor-top-column elementor-element elementor-element-d880c18 main-head-title\" data-id=\"d880c18\" data-element_type=\"column\">\r\n\t\t\t<div class=\"elementor-widget-wrap elementor-element-populated\">\r\n\t\t\t\t\t\t\t\t<div class=\"elementor-element elementor-element-621279a title-ex elementor-widget elementor-widget-heading\" data-id=\"621279a\" data-element_type=\"widget\" data-widget_type=\"heading.default\">\r\n\t\t\t\t<div class=\"elementor-widget-container\">\r\n\t\t\t<style>\/*! elementor - v3.13.2 - 11-05-2023 *\/\r\n.elementor-heading-title{padding:0;margin:0;line-height:1}.elementor-widget-heading .elementor-heading-title[class*=elementor-size-]>a{color:inherit;font-size:inherit;line-height:inherit}.elementor-widget-heading .elementor-heading-title.elementor-size-small{font-size:15px}.elementor-widget-heading .elementor-heading-title.elementor-size-medium{font-size:19px}.elementor-widget-heading .elementor-heading-title.elementor-size-large{font-size:29px}.elementor-widget-heading .elementor-heading-title.elementor-size-xl{font-size:39px}.elementor-widget-heading .elementor-heading-title.elementor-size-xxl{font-size:59px}<\/style><h2 class=\"elementor-heading-title elementor-size-xl\">Explorer d'autres cat\u00e9gories<\/h2>\t\t<\/div>\r\n\t\t\t\t<\/div>\r\n\t\t\t\t<div class=\"elementor-element elementor-element-83413da subtitle-ex elementor-widget elementor-widget-heading\" data-id=\"83413da\" data-element_type=\"widget\" data-widget_type=\"heading.default\">\r\n\t\t\t\t<div class=\"elementor-widget-container\">\r\n\t\t\t<div class=\"elementor-heading-title elementor-size-large\">Vous \u00eates pr\u00eat \u00e0 rafra\u00eechir vos connaissances ? Nous avons d'autres choses \u00e0 lire ici m\u00eame<\/div>\t\t<\/div>\r\n\t\t\t\t<\/div>\r\n\t\t\t\t\t<\/div>\r\n\t\t<\/div>\r\n\t\t\t\t\t\t\t<\/div>\r\n\t\t<\/section>\r\n\t\t\t\t<section class=\"elementor-section elementor-top-section elementor-element elementor-element-20d308d text-1 elementor-section-boxed elementor-section-height-default elementor-section-height-default\" data-id=\"20d308d\" data-element_type=\"section\">\r\n\t\t\t\t\t\t<div class=\"elementor-container elementor-column-gap-default\">\r\n\t\t\t\t\t<div class=\"elementor-column elementor-col-100 elementor-top-column elementor-element elementor-element-85264ab\" data-id=\"85264ab\" data-element_type=\"column\">\r\n\t\t\t<div class=\"elementor-widget-wrap\">\r\n\t\t\t\t\t\t\t\t\t<\/div>\r\n\t\t<\/div>\r\n\t\t\t\t\t\t\t<\/div>\r\n\t\t<\/section>\r\n\t\t\t\t<section class=\"elementor-section elementor-top-section elementor-element elementor-element-a38cf53 elementor-section-boxed elementor-section-height-default elementor-section-height-default\" data-id=\"a38cf53\" data-element_type=\"section\">\r\n\t\t\t\t\t\t<div class=\"elementor-container elementor-column-gap-default\">\r\n\t\t\t\t\t<div class=\"elementor-column elementor-col-100 elementor-top-column elementor-element elementor-element-fef50e6\" data-id=\"fef50e6\" data-element_type=\"column\">\r\n\t\t\t<div class=\"elementor-widget-wrap elementor-element-populated\">\r\n\t\t\t\t\t\t\t\t<div class=\"elementor-element elementor-element-7bc5499 recherche elementor-absolute elementor-widget elementor-widget-wp-widget-search\" data-id=\"7bc5499\" data-element_type=\"widget\" data-settings=\"{&quot;_position&quot;:&quot;absolute&quot;}\" data-widget_type=\"wp-widget-search.default\">\r\n\t\t\t\t<div class=\"elementor-widget-container\">\r\n\t\t\t\n<form role=\"search\" method=\"get\" id=\"searchform\" class=\"form-search\" action=\"https:\/\/www.exoplatform.com\/blog\/resource-center\" >\n    <label for=\"s\">\n    \t<input type=\"text\" placeholder=\"Search\" value=\"\" name=\"s\" id=\"s\" \/>\n    <\/label>\n    <div class=\"btn-submit\">\n    \t<input type=\"submit\" id=\"searchsubmit\" value=\"\" \/>\n    <\/div>\n    \n<\/form>\n\t\t<\/div>\r\n\t\t\t\t<\/div>\r\n\t\t\t\t\t<\/div>\r\n\t\t<\/div>\r\n\t\t\t\t\t\t\t<\/div>\r\n\t\t<\/section>\r\n\t\t\t\t<section class=\"elementor-section elementor-top-section elementor-element elementor-element-af8e2c8 elementor-section-boxed elementor-section-height-default elementor-section-height-default\" data-id=\"af8e2c8\" data-element_type=\"section\">\r\n\t\t\t\t\t\t<div class=\"elementor-container elementor-column-gap-default\">\r\n\t\t\t\t\t<div class=\"elementor-column elementor-col-100 elementor-top-column elementor-element elementor-element-5fcafe0\" data-id=\"5fcafe0\" data-element_type=\"column\">\r\n\t\t\t<div class=\"elementor-widget-wrap\">\r\n\t\t\t\t\t\t\t\t\t<\/div>\r\n\t\t<\/div>\r\n\t\t\t\t\t\t\t<\/div>\r\n\t\t<\/section>\r\n\t\t\t\t<section class=\"elementor-section elementor-top-section elementor-element elementor-element-40ff531 elementor-section-boxed elementor-section-height-default elementor-section-height-default\" data-id=\"40ff531\" data-element_type=\"section\">\r\n\t\t\t\t\t\t<div class=\"elementor-container elementor-column-gap-default\">\r\n\t\t\t\t\t<div class=\"elementor-column elementor-col-100 elementor-top-column elementor-element elementor-element-2d25135\" data-id=\"2d25135\" data-element_type=\"column\">\r\n\t\t\t<div class=\"elementor-widget-wrap\">\r\n\t\t\t\t\t\t\t\t\t<\/div>\r\n\t\t<\/div>\r\n\t\t\t\t\t\t\t<\/div>\r\n\t\t<\/section>\r\n\t\t\t\t\t\t\t<\/div>\r\n\t\t","protected":false},"excerpt":{"rendered":"Explorer d&#8217;autres cat\u00e9gories Vous \u00eates pr\u00eat \u00e0 rafra\u00eechir vos connaissances ? Nous avons d&#8217;autres choses \u00e0 lire ici m\u00eame","protected":false},"author":2,"featured_media":0,"parent":0,"menu_order":0,"comment_status":"closed","ping_status":"closed","template":"page-allcat.php","meta":[],"lang":"fr","translations":{"fr":52060,"en":23956},"pll_sync_post":[],"_links":{"self":[{"href":"https:\/\/www.exoplatform.com\/blog\/wp-json\/wp\/v2\/pages\/52060"}],"collection":[{"href":"https:\/\/www.exoplatform.com\/blog\/wp-json\/wp\/v2\/pages"}],"about":[{"href":"https:\/\/www.exoplatform.com\/blog\/wp-json\/wp\/v2\/types\/page"}],"author":[{"embeddable":true,"href":"https:\/\/www.exoplatform.com\/blog\/wp-json\/wp\/v2\/users\/2"}],"replies":[{"embeddable":true,"href":"https:\/\/www.exoplatform.com\/blog\/wp-json\/wp\/v2\/comments?post=52060"}],"version-history":[{"count":0,"href":"https:\/\/www.exoplatform.com\/blog\/wp-json\/wp\/v2\/pages\/52060\/revisions"}],"wp:attachment":[{"href":"https:\/\/www.exoplatform.com\/blog\/wp-json\/wp\/v2\/media?parent=52060"}],"curies":[{"name":"wp","href":"https:\/\/api.w.org\/{rel}","templated":true}]}}